{"id":59,"date":"2008-12-10T14:14:24","date_gmt":"2008-12-10T14:14:24","guid":{"rendered":"http:\/\/www.freidenker.org\/wuf\/cms\/?page_id=59"},"modified":"2018-08-20T15:18:18","modified_gmt":"2018-08-20T13:18:18","slug":"uber-die-wuf","status":"publish","type":"page","link":"https:\/\/www.libres-penseurs.net\/fr\/uber-die-wuf\/","title":{"rendered":"A propos de l\u2019UMLP"},"content":{"rendered":"<p><strong>Union Mondial des Libres Penseurs<\/strong><\/p>\n<h2>STATUTS<\/h2>\n<p>A) COMPOSITION DE L\u2019UNION MONDIALE<br \/>\nL\u2019Union Mondiale des Libres Penseurs se compose de groupements, associations et f\u00e9d\u00e9rations de libres penseurs et de libres penseurs individuels, qui adh\u00e8rent aux principes fondateurs de la Libre Pens\u00e9e, s\u2019engagent \u00e0 y conformer leur vie, \u00e0 les r\u00e9pandre, les pr\u00e9coniser et d\u00e9fendre en toutes circonstances.<\/p>\n<p>B) PRINCIPES, REVENDICATIONS, OBJECTIFS<br \/>\nLa Libre Pens\u00e9e se base sur les principes du libre examen, de la raison lib\u00e9ratrice, de la science orient\u00e9e vers la paix et constructive, de la philosophie, de l\u2019usage autonome de la raison et de la recherche de la v\u00e9rit\u00e9.<br \/>\nLa Libre Pens\u00e9e proclame son caract\u00e8re la\u00efque, d\u00e9mocratique, progressiste et d\u2019\u00e9mancipation sociale.<br \/>\nLa libre Pens\u00e9e vise \u00e0 la paix et au d\u00e9sarmement, \u00e0 l\u2019\u00e9radication des guerres, du militarisme, le colonialisme et de toute propagande belliciste. Elle attach\u00e9e \u00e0 l\u2019\u00e9galit\u00e9 souveraine de tous les pays, demande la fin du sous-d\u00e9veloppement et de l\u2019oppression et l\u2019\u00e9tablissement de relations internationales bas\u00e9es sur le principe de l\u2019\u00e9galit\u00e9 de droit et de r\u00e9ciprocit\u00e9. Elle promeut l\u2019entente entre les peuples et la solidarit\u00e9 internationale et d\u00e9fend le droit international.<br \/>\nLa Libre Pens\u00e9e revendique pour tout \u00eatre humain, sans distinction de sexe, d\u2019origine ethnique, de classe, de croyances philosophiques ou religieuses, d\u2019appartenance \u00e0 un parti politique : le droit de vivre sans discrimination, \u00e0 la justice, \u00e0 la s\u00e9curit\u00e9 sociale et au travail ainsi qu\u2019\u00e0 une education et une sant\u00e9 publique gratuite pour tous.<br \/>\nLa Libre Pens\u00e9e soutient la pleine libert\u00e9 de pens\u00e9e et de conscience, la libert\u00e9 d\u2019information, des medias et de l\u2019art sans censure ni tutelle d\u2019autorit\u00e9s \u00e9tatiques ou religieuse ou du pouvoir \u00e9conomique. Elle soutient le droit de concevoir, d\u2019exprimer, d\u2019exposer, de pratiquer et de d\u00e9fendre en toute libert\u00e9 ses opinions et croyances librement choisies, qui ne tendent pas \u00e0 la destruction de l\u2019humanit\u00e9, de l\u2019individu, ni \u00e0 la n\u00e9gation de la libert\u00e9.<br \/>\nLa Libre Pens\u00e9e soutient la r\u00e9alisation compl\u00e8te des droits de l\u2019homme sociaux et civils et insiste sur leur nature universelle, indivisible et g\u00e9n\u00e9ralement valable pour tous les \u00eatres humains.<br \/>\nLa Libre Pens\u00e9e ne reconna\u00eet aucun dogme religieux, politique, social et national; elle d\u00e9fend la raison contre l\u2019irrationalisme s\u00e9culaire et et l\u2019obscurantisme religieux. Elle s\u2019oppose \u00e0 la supr\u00e9matie et \u00e0 la domination d\u2019une communaut\u00e9 humaine, d\u2019un syst\u00e8me politique ou social, d\u2019une croyance, d\u2019un individu sur les autres. Elle rejette et combat toute contrainte impos\u00e9e aux individus, aux groupements, aux communaut\u00e9s, aux nations dans tous les domaines de la pens\u00e9e, et elle revendique pour chacun le droit de choisir et de pratiquer son propre style de vie, dans le respect de la vie et de la personne humaine.<br \/>\nEn cons\u00e9quence, la Libre Pens\u00e9e lutte pour la libert\u00e9, la d\u00e9mocratie, pour le rel\u00e8vement intellectuel, social, culturel et moral de l\u2019humanit\u00e9, pour le bien-\u00eatre et la paix des communaut\u00e9s et la pleine \u00e9mancipation des individus.<br \/>\nElle n\u2019est attach\u00e9e \u00e0 aucun parti politique ni d\u2019une institution de l\u2019\u00e9tat, vis-\u00e0-vis desquels elle revendique sa pleine ind\u00e9pendance.<\/p>\n<p>C) BUT<br \/>\nLe but de l\u2019Union Mondiale des Libres Penseurs est de faire appel \u00e0 tous les libres penseurs et leurs organisations, de les grouper pour le combat en faveur de leur id\u00e9al, pour la diffusion de leurs principes, pour la d\u00e9fense de leurs int\u00e9r\u00eats et de leurs droits, pour la r\u00e9alisation de leurs revendications, de les unir au sein d\u2019une organisation internationale dont l\u2019objectif est de les soutenir, de les aider, de les consulter, de les conseiller et de cr\u00e9er entre les Libres Penseurs, leurs organisations, leurs amis et sympathisants, de solides liens mutuels d\u2019amiti\u00e9, de solidarit\u00e9 et de fraternit\u00e9 effective<\/p>\n<p>D) ORGANISATION<\/p>\n<p>Article 1<br \/>\nL\u2019Union Mondiale \u00e9tend son action \u00e0 tous les milieux et \u00e0 toutes les contr\u00e9es du monde entier, sans consid\u00e9ration de fronti\u00e8res nationales, continentales, sociales ou politiques.<\/p>\n<p>Article 2<br \/>\nLe si\u00e8ge de l\u2019Union Mondiale des Libres Penseurs est fix\u00e9 par le Conseil International, et en cas d\u2019urgence, par le Bureau Ex\u00e9cutif. Actuellement le si\u00e8ge se trouve \u00e0 Paris.<\/p>\n<p>Article 3<br \/>\nL\u2019adh\u00e9sion \u00e0 l\u2019Union Mondiale des Libres Penseurs est ouverte \u00e0 toutes organisations et personnes, qui reconnaissent ces statuts et soutiennent leurs principes, revendications et buts. Toute demande d\u2019adh\u00e9sion doit \u00eatre adress\u00e9e au Bureau qui la transmettra au Conseil International.<br \/>\nL\u2019Union Mondiale peut \u00e9tablir des regroupements r\u00e9gionaux. Chaque regroupement r\u00e9dige des statuts en accord avec ceux de l\u2019Union Mondiale.<br \/>\nUne association nationale peut s\u2019affilier \u00e0 l\u2019Union Mondiale comme \u00abmembre correspondant\u00bb en particulier s\u2019il n\u2019est pas possible de faire face aux frais de voyage sur de longues distances.<\/p>\n<p>Article 4<br \/>\nLe Conseil se compose des d\u00e9l\u00e9gu\u00e9s des associations affili\u00e9es et des membres individuels. Le Conseil International se r\u00e9unit chaque ann\u00e9e. Son mandat va d\u2019un Congr\u00e8s \u00e0 l\u2019autre.<br \/>\nLe nombre de voix par organisation correspond au nombre de cotisations individuelles enregistr\u00e9es au cours de l\u2019ann\u00e9e pr\u00e9c\u00e9dente. Les r\u00e9solutions sont vot\u00e9es \u00e0 la majorit\u00e9 des voix. Le m\u00eame mode de scrutin s\u2019applique aux \u00e9lections des members du Bureau. Sur demande le scrutin est secret. Tout amendement de ces statuts requiert une majorit\u00e9 de deux tiers.<br \/>\nLe Conseil International est charg\u00e9 d\u2019administrer et de diriger les travaux de l\u2019Union Mondiale. Il constitue l\u2019organe sup\u00e9rieur de l\u2019Union Mondiale. Toutes ses d\u00e9cisions deviennent, pour toutes les organisations, ont force de r\u00e8gle imp\u00e9rative, \u00e9tant entendu que les F\u00e9d\u00e9rations nationales conservent toute leur autonomie en ce qui concerne des positions programmatiques plus larges et l\u2019organisation de la propagande dans leurs pays respectifs.<br \/>\nLe Conseil International choisit un Bureau Ex\u00e9cutif d\u2019au moins sept membres en son sein.<br \/>\nLes sections des pays \u00e9loign\u00e9s ou emp\u00each\u00e9s ont le droit de d\u00e9signer comme repr\u00e9sentant, soit un membre du Bureau, soit un membre d\u2019une autre F\u00e9d\u00e9ration.<\/p>\n<p>Le Conseil International r\u00e9unit, en principe tous les quatre ans, un Congr\u00e8s International dont il annonce le th\u00e8me et fixe l\u2019ordre du jour et le r\u00e8glement int\u00e9rieur; il d\u00e9signe les rapporteurs, apr\u00e8s consultation des F\u00e9d\u00e9rations affili\u00e9es.<br \/>\nLe Conseil International est habilit\u00e9 \u00e0 organiser toutes rencontres de Libres Penseurs.<br \/>\nLe Conseil International fixe le taux des cotisations.<br \/>\nCe taux est actuellement de 1 \u20ac par membre.<br \/>\nUne association ne pouvant payer le taux statutaire peut demander une r\u00e9duction au Bureau.<br \/>\nLe Conseil International d\u00e9signe la Commission de contr\u00f4le des finances.<br \/>\nLes frais des repr\u00e9sentants envoy\u00e9s au Conseil International seront \u00e0 la charge de leur f\u00e9d\u00e9ration.<\/p>\n<p>Article 5<br \/>\nL\u2019Union Mondiale est administr\u00e9e par un Bureau Ex\u00e9cutif \u00e9lu par le Conseil International. Il est charg\u00e9 de l\u2019ex\u00e9cution des d\u00e9cisions prises par le Conseil International. Il d\u00e9signe le lieu du Congr\u00e8s et en fixe la date, apr\u00e8s consultation des F\u00e9d\u00e9rations affili\u00e9es.<br \/>\nLe Bureau Ex\u00e9cutif se compose en principe de sept membres: le pr\u00e9sident, le(s) vice-pr\u00e9sident(s), le secr\u00e9taire, le secr\u00e9taire aux informations, le tr\u00e9sorier, membres\/conseiller.<br \/>\nSi, dans l\u2019intervalle entre deux Conseils internationaux, un vide vient \u00e0 se produire au Bureau, le Conseil International est habilit\u00e9 \u00e0 pourvoir au remplacement, le vote par correspondance \u00e9tant admis.<br \/>\nLes frais des membres du Bureau seront \u00e0 la charge de l\u2019Union Mondiale.<\/p>\n<p>Article 6<br \/>\nLe Bureau Ex\u00e9cutif et le Conseil International repr\u00e9sentent l\u2019Union Mondiale des Libres Penseurs. Leur mandat prend fin \u00e0 la cl\u00f4ture du Congr\u00e8s, apr\u00e8s l\u2019installation et l\u2019entr\u00e9e en fonction des nouveau Bureau et Conseil International.<\/p>\n<p>Article 7<br \/>\nLe Congr\u00e8s International entend tous les rapports sur les questions d\u2019int\u00e9r\u00eat g\u00e9n\u00e9ral port\u00e9es \u00e0 l\u2019ordre du jour, les soumet \u00e0 la discussion. Le Congr\u00e8s International peut adopter des r\u00e9solutions et recommendations adress\u00e9es au Conseil International.<\/p>\n<p>Article 8<br \/>\nUn Conseil International ou un Congr\u00e8s extraordinaire seront convoqu\u00e9s dans les plus brefs d\u00e9lais si la moiti\u00e9 des F\u00e9d\u00e9rations affili\u00e9es le demande ou si le Conseil International le juge n\u00e9cessaire.<\/p>\n<p>Article 9<br \/>\nTous les cas non pr\u00e9vus par le pr\u00e9sent r\u00e8glement ne peuvent \u00eatre regl\u00e9s que par le Conseil International.<\/p>\n<p>Article 10<br \/>\nLa r\u00e9vision des statuts et r\u00e8glements ne peut se faire que par le Conseil International.<\/p>\n<p>Derni\u00e8re version \u00e9tabli \u00e0 Vienne le 30 avril 2011<\/p>","protected":false},"excerpt":{"rendered":"<p>Union Mondial des Libres Penseurs STATUTS A) COMPOSITION DE L\u2019UNION MONDIALE L\u2019Union Mondiale des Libres Penseurs se compose de groupements, associations et f\u00e9d\u00e9rations de libres penseurs et de libres penseurs individuels, qui adh\u00e8rent aux principes fondateurs de la Libre Pens\u00e9e, s\u2019engagent \u00e0 y conformer leur vie, \u00e0 les r\u00e9pandre, les pr\u00e9coniser et d\u00e9fendre en toutes&#8230;<\/p>\n","protected":false},"author":2,"featured_media":0,"parent":0,"menu_order":2,"comment_status":"closed","ping_status":"closed","template":"","meta":{"footnotes":""},"class_list":["post-59","page","type-page","status-publish","hentry"],"_links":{"self":[{"href":"https:\/\/www.libres-penseurs.net\/fr\/wp-json\/wp\/v2\/pages\/59","targetHints":{"allow":["GET"]}}],"collection":[{"href":"https:\/\/www.libres-penseurs.net\/fr\/wp-json\/wp\/v2\/pages"}],"about":[{"href":"https:\/\/www.libres-penseurs.net\/fr\/wp-json\/wp\/v2\/types\/page"}],"author":[{"embeddable":true,"href":"https:\/\/www.libres-penseurs.net\/fr\/wp-json\/wp\/v2\/users\/2"}],"replies":[{"embeddable":true,"href":"https:\/\/www.libres-penseurs.net\/fr\/wp-json\/wp\/v2\/comments?post=59"}],"version-history":[{"count":23,"href":"https:\/\/www.libres-penseurs.net\/fr\/wp-json\/wp\/v2\/pages\/59\/revisions"}],"predecessor-version":[{"id":1001,"href":"https:\/\/www.libres-penseurs.net\/fr\/wp-json\/wp\/v2\/pages\/59\/revisions\/1001"}],"wp:attachment":[{"href":"https:\/\/www.libres-penseurs.net\/fr\/wp-json\/wp\/v2\/media?parent=59"}],"curies":[{"name":"wp","href":"https:\/\/api.w.org\/{rel}","templated":true}]}}