{"id":66,"date":"2008-12-10T14:22:25","date_gmt":"2008-12-10T14:22:25","guid":{"rendered":"http:\/\/www.freidenker.org\/wuf\/cms\/?page_id=66"},"modified":"2023-07-10T01:09:09","modified_gmt":"2023-07-09T23:09:09","slug":"vorstand","status":"publish","type":"page","link":"https:\/\/www.libres-penseurs.net\/fr\/vorstand\/","title":{"rendered":"Bureau"},"content":{"rendered":"<p class=\"qtranxs-available-languages-message qtranxs-available-languages-message-fr\">D\u00e9sol\u00e9, cet article est seulement disponible en <a href=\"https:\/\/www.libres-penseurs.net\/en\/wp-json\/wp\/v2\/pages\/66\" class=\"qtranxs-available-language-link qtranxs-available-language-link-en\" title=\"English\">English<\/a>.<\/p><p>MEMBRES DU BUREAU EXECUTIF \u2013 MITGLIEDER DES VORSTANDS \u2013 BOARD MEMBERS<\/p>\n<p>Pr\u00e9sident \u2013 Pr\u00e4sident \u2013 Chairman<br \/>\nHARTMANN Klaus, Schillstra\u00dfe 7, D-63067 Offenbach-am-Main<br \/>\nFon:\u00a0 +49 171 3838337<br \/>\nE-Mail: <a href=\"mailto:k.hartmann@freidenker.de\">k.hartmann@freidenker.de<\/a><\/p>\n<p>Secr\u00e9taire g\u00e9n\u00e9ral &#8211; General Secretary &#8211; Generalsekret\u00e4r<br \/>\nJACOBY Jean-Marie, 44 bld de la Fraternit\u00e9, L-1541 Luxembourg<br \/>\nFon: +352 482520<br \/>\nE-Mail: <a href=\"mailto:jacobyjeanmarie@gmail.com\">jacobyjeanmarie@gmail.com<\/a><\/p>\n<p>Tr\u00e9sorier &#8211; Treasurer &#8211; Kassierer<br \/>\nBERGER Peter, Ida-Str\u00e4uli-Str. 73, CH-8404 Winterthur<br \/>\nFon: +41 52 242 18 44<br \/>\nE-Mail: <a href=\"mailto:peter.berger@neuhegi.ch\">peter.berger@neuhegi.ch<\/a><\/p>\n<p>Membres \/ Members \/ Mitglieder<\/p>\n<p>CARTREAUX Fabienne, Schlo\u00dfstrasse 44, D-56843 Starkenburg<br \/>\nE-Mail: <a href=\"mailto:fabienne.cartreaux@freidenker.org\">fabienne.cartreaux@freidenker.org<\/a><\/p>\n<p>JOUINI Samira, Blumenhof 28, D-53119 Bonn<br \/>\nFon: +49 (0) 15772087172<br \/>\nE-Mail: <a href=\"mailto:jouinis_1984@yahoo.de\">jouinis_1984@yahoo.de<\/a><\/p>\n<p>KRSLJANIN Vladimir; Kneza Danila 12 A, RS-112 Beograd<br \/>\nFon: + 38162423915<br \/>\nE-Mail: <a href=\"mailto:auroraplan@gmail.com\">auroraplan@gmail.com<\/a><\/p>\n<p>Pr\u00e9sident d\u2019honneur \u2013 Ehrenpr\u00e4sident \u2013 Honorary chairman<br \/>\nROGER Louis, 22 rue Jean Perrin, F-29200 Brest<br \/>\nFon: +33 2 98 41 45 40<br \/>\nE-Mail : <a href=\"mailto:louis.dominique.roger@wanadoo.fr\">louis.dominique.roger@wanadoo.fr<\/a><\/p>\n<p>&nbsp;<\/p>\n<p>&nbsp;<\/p>\n<p>&nbsp;<\/p>\n<p class=\"MsoNormal\" style=\"margin: 0cm 0cm 0pt;\">\n<p><\/p>","protected":false},"excerpt":{"rendered":"<p>D\u00e9sol\u00e9, cet article est seulement disponible en English.MEMBRES DU BUREAU EXECUTIF \u2013 MITGLIEDER DES VORSTANDS \u2013 BOARD MEMBERS Pr\u00e9sident \u2013 Pr\u00e4sident \u2013 Chairman HARTMANN Klaus, Schillstra\u00dfe 7, D-63067 Offenbach-am-Main Fon:\u00a0 +49 171 3838337 E-Mail: k.hartmann@freidenker.de Secr\u00e9taire g\u00e9n\u00e9ral &#8211; General Secretary &#8211; Generalsekret\u00e4r JACOBY Jean-Marie, 44 bld de la Fraternit\u00e9, L-1541 Luxembourg Fon: +352 482520 E-Mail:&#8230;<\/p>\n","protected":false},"author":2,"featured_media":0,"parent":0,"menu_order":3,"comment_status":"closed","ping_status":"closed","template":"","meta":{"footnotes":""},"class_list":["post-66","page","type-page","status-publish","hentry"],"_links":{"self":[{"href":"https:\/\/www.libres-penseurs.net\/fr\/wp-json\/wp\/v2\/pages\/66","targetHints":{"allow":["GET"]}}],"collection":[{"href":"https:\/\/www.libres-penseurs.net\/fr\/wp-json\/wp\/v2\/pages"}],"about":[{"href":"https:\/\/www.libres-penseurs.net\/fr\/wp-json\/wp\/v2\/types\/page"}],"author":[{"embeddable":true,"href":"https:\/\/www.libres-penseurs.net\/fr\/wp-json\/wp\/v2\/users\/2"}],"replies":[{"embeddable":true,"href":"https:\/\/www.libres-penseurs.net\/fr\/wp-json\/wp\/v2\/comments?post=66"}],"version-history":[{"count":29,"href":"https:\/\/www.libres-penseurs.net\/fr\/wp-json\/wp\/v2\/pages\/66\/revisions"}],"predecessor-version":[{"id":1533,"href":"https:\/\/www.libres-penseurs.net\/fr\/wp-json\/wp\/v2\/pages\/66\/revisions\/1533"}],"wp:attachment":[{"href":"https:\/\/www.libres-penseurs.net\/fr\/wp-json\/wp\/v2\/media?parent=66"}],"curies":[{"name":"wp","href":"https:\/\/api.w.org\/{rel}","templated":true}]}}