{"id":783,"date":"2018-05-25T10:34:42","date_gmt":"2018-05-25T08:34:42","guid":{"rendered":"http:\/\/www.libres-penseurs.net\/?page_id=783"},"modified":"2025-06-06T22:01:10","modified_gmt":"2025-06-06T20:01:10","slug":"im","status":"publish","type":"page","link":"https:\/\/www.libres-penseurs.net\/fr\/im\/","title":{"rendered":"Impressum"},"content":{"rendered":"<p>Union Mondiale des Libres Penseurs<br \/>\nc\/o Klaus Hartmann<br \/>\nSchillstrasse 7<br \/>\n63067 Offenbach-sur-le-Main<br \/>\nT\u00e9l. : + 49 69 83 58 50<br \/>\n<a href=\"mailto:k.hartmann@freidenker.de\">k.hartmann@freidenker.de<\/a><\/p>\n<p><strong>Repr\u00e9sent\u00e9 par :<\/strong><\/p>\n<p>Klaus Hartmann (Pr\u00e9sident du Conseil d&rsquo;administration)<\/p>\n<p><strong>Responsable pour le contenu&nbsp;:<\/strong><\/p>\n<p>Peter Berger<br \/>\nIda-Str\u00e4uli-Strasse 73<br \/>\nCH-8404 Winterthur<br \/>\nCourriel : <a href=\"mailto:info@libres-penseurs.net\">info@libres-penseurs.net<\/a><\/p>\n<h4>Avis de non-responsabilit\u00e9<\/h4>\n<p><strong>Contenu<\/strong><\/p>\n<p>Malgr\u00e9 un contr\u00f4le rigoureux du contenu, nous d\u00e9clinons toute responsabilit\u00e9 quant \u00e0 l&rsquo;actualit\u00e9, l&rsquo;exhaustivit\u00e9 et l&rsquo;exactitude des informations fournies. Toute r\u00e9clamation en responsabilit\u00e9 \u00e0 notre encontre concernant des dommages mat\u00e9riels ou immat\u00e9riels, caus\u00e9s par l&rsquo;utilisation ou la non-utilisation du contenu fourni ou par l&rsquo;utilisation d&rsquo;informations erron\u00e9es ou incompl\u00e8tes, est fondamentalement exclue.<\/p>\n<p><strong><br \/>Liens externes<\/strong><\/p>\n<p>Notre site web contient des liens vers des sites web tiers sur le contenu desquels nous n&rsquo;avons aucune influence. Par cons\u00e9quent, nous d\u00e9clinons toute responsabilit\u00e9 quant au contenu de ces tiers. Le fournisseur ou l&rsquo;exploitant des pages li\u00e9es est toujours responsable du contenu de ces pages.<\/p>\n<p><strong><br \/>Droits d&rsquo;auteur<\/strong><\/p>\n<p>Le contenu et les \u0153uvres de ce site web cr\u00e9\u00e9s par les exploitants du site sont soumis au droit d&rsquo;auteur. Les contributions de tiers sont signal\u00e9es comme telles. La reproduction, le traitement, la diffusion et toute forme d&rsquo;exploitation en dehors des limites du droit d&rsquo;auteur n\u00e9cessitent notre autorisation \u00e9crite.<\/p>\n<p><strong><br \/>Modifications et erreurs<\/strong><\/p>\n<p>Nous nous r\u00e9servons express\u00e9ment le droit de modifier, compl\u00e9ter ou supprimer \u00e0 tout moment des parties du site web ou l&rsquo;ensemble de l&rsquo;offre, ou d&rsquo;en interrompre temporairement ou d\u00e9finitivement la publication. Si certaines formulations ou repr\u00e9sentations de cette clause de non-responsabilit\u00e9 s&rsquo;av\u00e9raient invalides, les autres dispositions resteraient inchang\u00e9es.<br \/>\n___<\/p>\n<p><em>En cas de divergence, le texte allemand pr\u00e9vaut.<\/em><\/p>","protected":false},"excerpt":{"rendered":"<p>Union Mondiale des Libres Penseurs c\/o Klaus Hartmann Schillstrasse 7 63067 Offenbach-sur-le-Main T\u00e9l. : + 49 69 83 58 50 k.hartmann@freidenker.de Repr\u00e9sent\u00e9 par : Klaus Hartmann (Pr\u00e9sident du Conseil d&rsquo;administration) Responsable pour le contenu&nbsp;: Peter Berger Ida-Str\u00e4uli-Strasse 73 CH-8404 Winterthur Courriel : info@libres-penseurs.net Avis de non-responsabilit\u00e9 Contenu Malgr\u00e9 un contr\u00f4le rigoureux du contenu, nous d\u00e9clinons&#8230;<\/p>\n","protected":false},"author":5,"featured_media":0,"parent":0,"menu_order":0,"comment_status":"closed","ping_status":"closed","template":"","meta":{"footnotes":""},"class_list":["post-783","page","type-page","status-publish","hentry"],"_links":{"self":[{"href":"https:\/\/www.libres-penseurs.net\/fr\/wp-json\/wp\/v2\/pages\/783","targetHints":{"allow":["GET"]}}],"collection":[{"href":"https:\/\/www.libres-penseurs.net\/fr\/wp-json\/wp\/v2\/pages"}],"about":[{"href":"https:\/\/www.libres-penseurs.net\/fr\/wp-json\/wp\/v2\/types\/page"}],"author":[{"embeddable":true,"href":"https:\/\/www.libres-penseurs.net\/fr\/wp-json\/wp\/v2\/users\/5"}],"replies":[{"embeddable":true,"href":"https:\/\/www.libres-penseurs.net\/fr\/wp-json\/wp\/v2\/comments?post=783"}],"version-history":[{"count":24,"href":"https:\/\/www.libres-penseurs.net\/fr\/wp-json\/wp\/v2\/pages\/783\/revisions"}],"predecessor-version":[{"id":2379,"href":"https:\/\/www.libres-penseurs.net\/fr\/wp-json\/wp\/v2\/pages\/783\/revisions\/2379"}],"wp:attachment":[{"href":"https:\/\/www.libres-penseurs.net\/fr\/wp-json\/wp\/v2\/media?parent=783"}],"curies":[{"name":"wp","href":"https:\/\/api.w.org\/{rel}","templated":true}]}}