{"id":99,"date":"2008-12-10T14:59:17","date_gmt":"2008-12-10T14:59:17","guid":{"rendered":"http:\/\/www.freidenker.org\/wuf\/cms\/?page_id=99"},"modified":"2025-05-30T01:56:42","modified_gmt":"2025-05-29T23:56:42","slug":"kontakt-impressum","status":"publish","type":"page","link":"https:\/\/www.libres-penseurs.net\/fr\/kontakt-impressum\/","title":{"rendered":"Contacts"},"content":{"rendered":"<p>Betreffend Organisation:<br \/>\nKlaus Hartmann<br \/>\nSchillstra\u00dfe 7<br \/>\nD 63067 Offenbach a. Main<br \/>\nFon &amp; Fax: + 49 69 83 58 50<br \/>\nE mail : <span style=\"text-decoration: underline;\"><a href=\"mailto:k.hartmann@freidenker.de\">k.hartmann@freidenker.de<\/a> <\/span><\/p>\n<h4>Adh\u00e9sion en tant que membre individuel \u00e0 l&rsquo;Union mondiale des Libres-Penseurs<\/h4>\n<p><strong><a href=\"https:\/\/www.libres-penseurs.net\/fr\/beitrittsformular\/\">Par formulaire web<\/a><\/strong>  <\/p>\n<p><strong><a href=\"https:\/\/www.libres-penseurs.net\/wp-wuf\/wp-content\/uploads\/umlp-memberform.pdf\" target=\"_blank\" rel=\"noopener\">Formulaire PDF \u00e0 t\u00e9l\u00e9charger<\/a><\/strong> (env. 195 KB, peut \u00eatre rempli sur ordinateur).<br \/>\n___<\/p>\n<p>Cotisation annuelle de 20 euros : <a href=\"https:\/\/www.libres-penseurs.net\/fr\/payement\/\" rel=\"noopener\" target=\"_blank\">Possibilit\u00e9s de paiement<\/a><\/p>\n<p><\/p>","protected":false},"excerpt":{"rendered":"<p>Betreffend Organisation: Klaus Hartmann Schillstra\u00dfe 7 D 63067 Offenbach a. Main Fon &amp; Fax: + 49 69 83 58 50 E mail : k.hartmann@freidenker.de Adh\u00e9sion en tant que membre individuel \u00e0 l&rsquo;Union mondiale des Libres-Penseurs Par formulaire web Formulaire PDF \u00e0 t\u00e9l\u00e9charger (env. 195 KB, peut \u00eatre rempli sur ordinateur). ___ Cotisation annuelle de 20&#8230;<\/p>\n","protected":false},"author":5,"featured_media":0,"parent":0,"menu_order":7,"comment_status":"closed","ping_status":"closed","template":"","meta":{"footnotes":""},"class_list":["post-99","page","type-page","status-publish","hentry"],"_links":{"self":[{"href":"https:\/\/www.libres-penseurs.net\/fr\/wp-json\/wp\/v2\/pages\/99","targetHints":{"allow":["GET"]}}],"collection":[{"href":"https:\/\/www.libres-penseurs.net\/fr\/wp-json\/wp\/v2\/pages"}],"about":[{"href":"https:\/\/www.libres-penseurs.net\/fr\/wp-json\/wp\/v2\/types\/page"}],"author":[{"embeddable":true,"href":"https:\/\/www.libres-penseurs.net\/fr\/wp-json\/wp\/v2\/users\/5"}],"replies":[{"embeddable":true,"href":"https:\/\/www.libres-penseurs.net\/fr\/wp-json\/wp\/v2\/comments?post=99"}],"version-history":[{"count":21,"href":"https:\/\/www.libres-penseurs.net\/fr\/wp-json\/wp\/v2\/pages\/99\/revisions"}],"predecessor-version":[{"id":2353,"href":"https:\/\/www.libres-penseurs.net\/fr\/wp-json\/wp\/v2\/pages\/99\/revisions\/2353"}],"wp:attachment":[{"href":"https:\/\/www.libres-penseurs.net\/fr\/wp-json\/wp\/v2\/media?parent=99"}],"curies":[{"name":"wp","href":"https:\/\/api.w.org\/{rel}","templated":true}]}}